{"id":17,"date":"2018-11-19T19:50:38","date_gmt":"2018-11-19T19:50:38","guid":{"rendered":"http:\/\/padraodespachante.com.br\/index.php\/home\/"},"modified":"2023-05-04T08:54:18","modified_gmt":"2023-05-04T11:54:18","slug":"home","status":"publish","type":"page","link":"https:\/\/padraodespachante.com.br\/","title":{"rendered":"Home"},"content":{"rendered":"\t\t<div data-elementor-type=\"wp-post\" data-elementor-id=\"17\" class=\"elementor elementor-17\">\n\t\t\t\t\t\t<section class=\"elementor-section elementor-top-section elementor-element elementor-element-53d02b5a elementor-section-boxed elementor-section-height-default elementor-section-height-default\" data-id=\"53d02b5a\" data-element_type=\"section\" data-settings=\"{&quot;background_background&quot;:&quot;classic&quot;}\">\n\t\t\t\t\t\t\t<div class=\"elementor-background-overlay\"><\/div>\n\t\t\t\t\t\t\t<div class=\"elementor-container elementor-column-gap-default\">\n\t\t\t\t\t<div class=\"elementor-column elementor-col-100 elementor-top-column elementor-element elementor-element-155c094d\" data-id=\"155c094d\" data-element_type=\"column\">\n\t\t\t<div class=\"elementor-widget-wrap elementor-element-populated\">\n\t\t\t\t\t\t<div class=\"elementor-element elementor-element-75de0c89 elementor-widget elementor-widget-image-box\" data-id=\"75de0c89\" data-element_type=\"widget\" data-widget_type=\"image-box.default\">\n\t\t\t\t<div class=\"elementor-widget-container\">\n\t\t\t\t\t<div class=\"elementor-image-box-wrapper\"><div class=\"elementor-image-box-content\"><h1 class=\"elementor-image-box-title\">A 25 anos cuidando de nossos clientes<\/h1><p class=\"elementor-image-box-description\">Fique tranquilo , nos faremos tudo pra voc\u00ea !<\/p><\/div><\/div>\t\t\t\t<\/div>\n\t\t\t\t<\/div>\n\t\t\t\t<div class=\"elementor-element elementor-element-1213f093 elementor-align-center elementor-mobile-align-center elementor-widget elementor-widget-button\" data-id=\"1213f093\" data-element_type=\"widget\" data-widget_type=\"button.default\">\n\t\t\t\t<div class=\"elementor-widget-container\">\n\t\t\t\t\t\t\t\t\t<div class=\"elementor-button-wrapper\">\n\t\t\t\t\t<a class=\"elementor-button elementor-button-link elementor-size-lg\" href=\"http:\/\/padraodespachante.com.br\/index.php\/nossos-servicos\/\">\n\t\t\t\t\t\t<span class=\"elementor-button-content-wrapper\">\n\t\t\t\t\t\t\t\t\t<span class=\"elementor-button-text\">Nossos Servi\u00e7os<\/span>\n\t\t\t\t\t<\/span>\n\t\t\t\t\t<\/a>\n\t\t\t\t<\/div>\n\t\t\t\t\t\t\t\t<\/div>\n\t\t\t\t<\/div>\n\t\t\t\t\t<\/div>\n\t\t<\/div>\n\t\t\t\t\t<\/div>\n\t\t<\/section>\n\t\t\t\t<section class=\"elementor-section elementor-top-section elementor-element elementor-element-1e537621 elementor-section-boxed elementor-section-height-default elementor-section-height-default\" data-id=\"1e537621\" data-element_type=\"section\" data-settings=\"{&quot;background_background&quot;:&quot;classic&quot;}\">\n\t\t\t\t\t\t<div class=\"elementor-container elementor-column-gap-default\">\n\t\t\t\t\t<div class=\"elementor-column elementor-col-100 elementor-top-column elementor-element elementor-element-259f3103\" data-id=\"259f3103\" data-element_type=\"column\">\n\t\t\t<div class=\"elementor-widget-wrap elementor-element-populated\">\n\t\t\t\t\t\t<section class=\"elementor-section elementor-inner-section elementor-element elementor-element-5b4952c1 elementor-section-boxed elementor-section-height-default elementor-section-height-default\" data-id=\"5b4952c1\" data-element_type=\"section\">\n\t\t\t\t\t\t<div class=\"elementor-container elementor-column-gap-default\">\n\t\t\t\t\t<div class=\"elementor-column elementor-col-33 elementor-inner-column elementor-element elementor-element-4fd7f709\" data-id=\"4fd7f709\" data-element_type=\"column\" data-settings=\"{&quot;background_background&quot;:&quot;classic&quot;}\">\n\t\t\t<div class=\"elementor-widget-wrap elementor-element-populated\">\n\t\t\t\t\t\t<div class=\"elementor-element elementor-element-94bce2e elementor-view-default elementor-position-top elementor-mobile-position-top elementor-widget elementor-widget-icon-box\" data-id=\"94bce2e\" data-element_type=\"widget\" data-widget_type=\"icon-box.default\">\n\t\t\t\t<div class=\"elementor-widget-container\">\n\t\t\t\t\t\t\t<div class=\"elementor-icon-box-wrapper\">\n\n\t\t\t\t\t\t<div class=\"elementor-icon-box-icon\">\n\t\t\t\t<span  class=\"elementor-icon\">\n\t\t\t\t<svg aria-hidden=\"true\" class=\"e-font-icon-svg e-far-clock\" viewBox=\"0 0 512 512\" xmlns=\"http:\/\/www.w3.org\/2000\/svg\"><path d=\"M256 8C119 8 8 119 8 256s111 248 248 248 248-111 248-248S393 8 256 8zm0 448c-110.5 0-200-89.5-200-200S145.5 56 256 56s200 89.5 200 200-89.5 200-200 200zm61.8-104.4l-84.9-61.7c-3.1-2.3-4.9-5.9-4.9-9.7V116c0-6.6 5.4-12 12-12h32c6.6 0 12 5.4 12 12v141.7l66.8 48.6c5.4 3.9 6.5 11.4 2.6 16.8L334.6 349c-3.9 5.3-11.4 6.5-16.8 2.6z\"><\/path><\/svg>\t\t\t\t<\/span>\n\t\t\t<\/div>\n\t\t\t\n\t\t\t\t\t\t<div class=\"elementor-icon-box-content\">\n\n\t\t\t\t\t\t\t\t\t<h3 class=\"elementor-icon-box-title\">\n\t\t\t\t\t\t<span  >\n\t\t\t\t\t\t\tEconomize seu tempo\t\t\t\t\t\t<\/span>\n\t\t\t\t\t<\/h3>\n\t\t\t\t\n\t\t\t\t\t\t\t\t\t<p class=\"elementor-icon-box-description\">\n\t\t\t\t\t\tEvite filas e transtornos. Aqui a sua comodidade \u00e9 pe\u00e7a fundamental.\t\t\t\t\t<\/p>\n\t\t\t\t\n\t\t\t<\/div>\n\t\t\t\n\t\t<\/div>\n\t\t\t\t\t\t<\/div>\n\t\t\t\t<\/div>\n\t\t\t\t\t<\/div>\n\t\t<\/div>\n\t\t\t\t<div class=\"elementor-column elementor-col-33 elementor-inner-column elementor-element elementor-element-1ce5f945\" data-id=\"1ce5f945\" data-element_type=\"column\" data-settings=\"{&quot;background_background&quot;:&quot;classic&quot;}\">\n\t\t\t<div class=\"elementor-widget-wrap elementor-element-populated\">\n\t\t\t\t\t\t<div class=\"elementor-element elementor-element-442c7c2 elementor-view-default elementor-position-top elementor-mobile-position-top elementor-widget elementor-widget-icon-box\" data-id=\"442c7c2\" data-element_type=\"widget\" data-widget_type=\"icon-box.default\">\n\t\t\t\t<div class=\"elementor-widget-container\">\n\t\t\t\t\t\t\t<div class=\"elementor-icon-box-wrapper\">\n\n\t\t\t\t\t\t<div class=\"elementor-icon-box-icon\">\n\t\t\t\t<span  class=\"elementor-icon\">\n\t\t\t\t<svg aria-hidden=\"true\" class=\"e-font-icon-svg e-far-file-alt\" viewBox=\"0 0 384 512\" xmlns=\"http:\/\/www.w3.org\/2000\/svg\"><path d=\"M288 248v28c0 6.6-5.4 12-12 12H108c-6.6 0-12-5.4-12-12v-28c0-6.6 5.4-12 12-12h168c6.6 0 12 5.4 12 12zm-12 72H108c-6.6 0-12 5.4-12 12v28c0 6.6 5.4 12 12 12h168c6.6 0 12-5.4 12-12v-28c0-6.6-5.4-12-12-12zm108-188.1V464c0 26.5-21.5 48-48 48H48c-26.5 0-48-21.5-48-48V48C0 21.5 21.5 0 48 0h204.1C264.8 0 277 5.1 286 14.1L369.9 98c9 8.9 14.1 21.2 14.1 33.9zm-128-80V128h76.1L256 51.9zM336 464V176H232c-13.3 0-24-10.7-24-24V48H48v416h288z\"><\/path><\/svg>\t\t\t\t<\/span>\n\t\t\t<\/div>\n\t\t\t\n\t\t\t\t\t\t<div class=\"elementor-icon-box-content\">\n\n\t\t\t\t\t\t\t\t\t<h3 class=\"elementor-icon-box-title\">\n\t\t\t\t\t\t<span  >\n\t\t\t\t\t\t\tDeixe a burocracia conosco\t\t\t\t\t\t<\/span>\n\t\t\t\t\t<\/h3>\n\t\t\t\t\n\t\t\t\t\t\t\t\t\t<p class=\"elementor-icon-box-description\">\n\t\t\t\t\t\tAqui contamo com os melhores especialistas para melhor lhe atender com a maior brevidade.\t\t\t\t\t<\/p>\n\t\t\t\t\n\t\t\t<\/div>\n\t\t\t\n\t\t<\/div>\n\t\t\t\t\t\t<\/div>\n\t\t\t\t<\/div>\n\t\t\t\t\t<\/div>\n\t\t<\/div>\n\t\t\t\t<div class=\"elementor-column elementor-col-33 elementor-inner-column elementor-element elementor-element-3c0f7d8a\" data-id=\"3c0f7d8a\" data-element_type=\"column\" data-settings=\"{&quot;background_background&quot;:&quot;classic&quot;}\">\n\t\t\t<div class=\"elementor-widget-wrap elementor-element-populated\">\n\t\t\t\t\t\t<div class=\"elementor-element elementor-element-a4dfd3d elementor-view-default elementor-position-top elementor-mobile-position-top elementor-widget elementor-widget-icon-box\" data-id=\"a4dfd3d\" data-element_type=\"widget\" data-widget_type=\"icon-box.default\">\n\t\t\t\t<div class=\"elementor-widget-container\">\n\t\t\t\t\t\t\t<div class=\"elementor-icon-box-wrapper\">\n\n\t\t\t\t\t\t<div class=\"elementor-icon-box-icon\">\n\t\t\t\t<span  class=\"elementor-icon\">\n\t\t\t\t<svg aria-hidden=\"true\" class=\"e-font-icon-svg e-far-handshake\" viewBox=\"0 0 640 512\" xmlns=\"http:\/\/www.w3.org\/2000\/svg\"><path d=\"M519.2 127.9l-47.6-47.6A56.252 56.252 0 0 0 432 64H205.2c-14.8 0-29.1 5.9-39.6 16.3L118 127.9H0v255.7h64c17.6 0 31.8-14.2 31.9-31.7h9.1l84.6 76.4c30.9 25.1 73.8 25.7 105.6 3.8 12.5 10.8 26 15.9 41.1 15.9 18.2 0 35.3-7.4 48.8-24 22.1 8.7 48.2 2.6 64-16.8l26.2-32.3c5.6-6.9 9.1-14.8 10.9-23h57.9c.1 17.5 14.4 31.7 31.9 31.7h64V127.9H519.2zM48 351.6c-8.8 0-16-7.2-16-16s7.2-16 16-16 16 7.2 16 16c0 8.9-7.2 16-16 16zm390-6.9l-26.1 32.2c-2.8 3.4-7.8 4-11.3 1.2l-23.9-19.4-30 36.5c-6 7.3-15 4.8-18 2.4l-36.8-31.5-15.6 19.2c-13.9 17.1-39.2 19.7-55.3 6.6l-97.3-88H96V175.8h41.9l61.7-61.6c2-.8 3.7-1.5 5.7-2.3H262l-38.7 35.5c-29.4 26.9-31.1 72.3-4.4 101.3 14.8 16.2 61.2 41.2 101.5 4.4l8.2-7.5 108.2 87.8c3.4 2.8 3.9 7.9 1.2 11.3zm106-40.8h-69.2c-2.3-2.8-4.9-5.4-7.7-7.7l-102.7-83.4 12.5-11.4c6.5-6 7-16.1 1-22.6L367 167.1c-6-6.5-16.1-6.9-22.6-1l-55.2 50.6c-9.5 8.7-25.7 9.4-34.6 0-9.3-9.9-8.5-25.1 1.2-33.9l65.6-60.1c7.4-6.8 17-10.5 27-10.5l83.7-.2c2.1 0 4.1.8 5.5 2.3l61.7 61.6H544v128zm48 47.7c-8.8 0-16-7.2-16-16s7.2-16 16-16 16 7.2 16 16c0 8.9-7.2 16-16 16z\"><\/path><\/svg>\t\t\t\t<\/span>\n\t\t\t<\/div>\n\t\t\t\n\t\t\t\t\t\t<div class=\"elementor-icon-box-content\">\n\n\t\t\t\t\t\t\t\t\t<h3 class=\"elementor-icon-box-title\">\n\t\t\t\t\t\t<span  >\n\t\t\t\t\t\t\tAqui sua satisfa\u00e7\u00e3o \u00e9 garantida\t\t\t\t\t\t<\/span>\n\t\t\t\t\t<\/h3>\n\t\t\t\t\n\t\t\t\t\t\t\t\t\t<p class=\"elementor-icon-box-description\">\n\t\t\t\t\t\tTransformando clientes em amigos.\t\t\t\t\t<\/p>\n\t\t\t\t\n\t\t\t<\/div>\n\t\t\t\n\t\t<\/div>\n\t\t\t\t\t\t<\/div>\n\t\t\t\t<\/div>\n\t\t\t\t\t<\/div>\n\t\t<\/div>\n\t\t\t\t\t<\/div>\n\t\t<\/section>\n\t\t\t\t\t<\/div>\n\t\t<\/div>\n\t\t\t\t\t<\/div>\n\t\t<\/section>\n\t\t<div class=\"elementor-element elementor-element-b438ee6 e-flex e-con-boxed e-con e-parent\" data-id=\"b438ee6\" data-element_type=\"container\">\n\t\t\t\t\t<div class=\"e-con-inner\">\n\t\t<div class=\"elementor-element elementor-element-93479bd e-con-full e-flex e-con e-parent\" data-id=\"93479bd\" data-element_type=\"container\">\n\t\t\t\t<div class=\"elementor-element elementor-element-7eb8f75 elementor-widget elementor-widget-heading\" data-id=\"7eb8f75\" data-element_type=\"widget\" data-widget_type=\"heading.default\">\n\t\t\t\t<div class=\"elementor-widget-container\">\n\t\t\t\t\t<h2 class=\"elementor-heading-title elementor-size-default\">Parcelamos no Cart\u00e3o de Credito<\/h2>\t\t\t\t<\/div>\n\t\t\t\t<\/div>\n\t\t\t\t<div class=\"elementor-element elementor-element-a1ace3e elementor-widget elementor-widget-text-editor\" data-id=\"a1ace3e\" data-element_type=\"widget\" data-widget_type=\"text-editor.default\">\n\t\t\t\t<div class=\"elementor-widget-container\">\n\t\t\t\t\t\t\t\t\t<p>Parcele todos os seu d\u00e9bitos , sua multas, suas taxas e nossos honor\u00e1rios.<\/p><p>Aceitamos todos os cart\u00f5es de credito.<\/p>\t\t\t\t\t\t\t\t<\/div>\n\t\t\t\t<\/div>\n\t\t\t\t<\/div>\n\t\t<div class=\"elementor-element elementor-element-d388a79 e-con-full e-flex e-con e-parent\" data-id=\"d388a79\" data-element_type=\"container\">\n\t\t\t\t<div class=\"elementor-element elementor-element-3611779 elementor-widget elementor-widget-image\" data-id=\"3611779\" data-element_type=\"widget\" data-widget_type=\"image.default\">\n\t\t\t\t<div class=\"elementor-widget-container\">\n\t\t\t\t\t\t\t\t\t\t\t\t\t\t\t<img fetchpriority=\"high\" decoding=\"async\" width=\"1024\" height=\"642\" src=\"https:\/\/padraodespachante.com.br\/wp-content\/uploads\/2023\/04\/american-express-cards-credit-89024-1024x642.jpg\" class=\"attachment-large size-large wp-image-25306\" alt=\"american express, cards, credit-89024.jpg\" srcset=\"https:\/\/padraodespachante.com.br\/wp-content\/uploads\/2023\/04\/american-express-cards-credit-89024-1024x642.jpg 1024w, https:\/\/padraodespachante.com.br\/wp-content\/uploads\/2023\/04\/american-express-cards-credit-89024-300x188.jpg 300w, https:\/\/padraodespachante.com.br\/wp-content\/uploads\/2023\/04\/american-express-cards-credit-89024-768x482.jpg 768w, https:\/\/padraodespachante.com.br\/wp-content\/uploads\/2023\/04\/american-express-cards-credit-89024.jpg 1280w\" sizes=\"(max-width: 1024px) 100vw, 1024px\" \/>\t\t\t\t\t\t\t\t\t\t\t\t\t\t\t<\/div>\n\t\t\t\t<\/div>\n\t\t\t\t<\/div>\n\t\t\t\t\t<\/div>\n\t\t\t\t<\/div>\n\t\t\t\t<section class=\"elementor-section elementor-top-section elementor-element elementor-element-7bda790 elementor-section-boxed elementor-section-height-default elementor-section-height-default\" data-id=\"7bda790\" data-element_type=\"section\" data-settings=\"{&quot;background_background&quot;:&quot;classic&quot;,&quot;shape_divider_bottom&quot;:&quot;waves&quot;}\">\n\t\t\t\t\t<div class=\"elementor-shape elementor-shape-bottom\" data-negative=\"false\">\n\t\t\t<svg xmlns=\"http:\/\/www.w3.org\/2000\/svg\" viewBox=\"0 0 1000 100\" preserveAspectRatio=\"none\">\n\t<path class=\"elementor-shape-fill\" d=\"M421.9,6.5c22.6-2.5,51.5,0.4,75.5,5.3c23.6,4.9,70.9,23.5,100.5,35.7c75.8,32.2,133.7,44.5,192.6,49.7\n\tc23.6,2.1,48.7,3.5,103.4-2.5c54.7-6,106.2-25.6,106.2-25.6V0H0v30.3c0,0,72,32.6,158.4,30.5c39.2-0.7,92.8-6.7,134-22.4\n\tc21.2-8.1,52.2-18.2,79.7-24.2C399.3,7.9,411.6,7.5,421.9,6.5z\"\/>\n<\/svg>\t\t<\/div>\n\t\t\t\t\t<div class=\"elementor-container elementor-column-gap-default\">\n\t\t\t\t\t<div class=\"elementor-column elementor-col-50 elementor-top-column elementor-element elementor-element-1b7a26ff\" data-id=\"1b7a26ff\" data-element_type=\"column\">\n\t\t\t<div class=\"elementor-widget-wrap elementor-element-populated\">\n\t\t\t\t\t\t<div class=\"elementor-element elementor-element-d268105 elementor-widget elementor-widget-image-box\" data-id=\"d268105\" data-element_type=\"widget\" data-widget_type=\"image-box.default\">\n\t\t\t\t<div class=\"elementor-widget-container\">\n\t\t\t\t\t<div class=\"elementor-image-box-wrapper\"><div class=\"elementor-image-box-content\"><h2 class=\"elementor-image-box-title\">Credenciamentos<\/h2><p class=\"elementor-image-box-description\">Somos credenciados junto ao DETRAN sob o c\u00f3digo de n\u00famero ????? e ao CRDDTO.<\/p><\/div><\/div>\t\t\t\t<\/div>\n\t\t\t\t<\/div>\n\t\t\t\t\t<\/div>\n\t\t<\/div>\n\t\t\t\t<div class=\"elementor-column elementor-col-50 elementor-top-column elementor-element elementor-element-483ef05\" data-id=\"483ef05\" data-element_type=\"column\">\n\t\t\t<div class=\"elementor-widget-wrap elementor-element-populated\">\n\t\t\t\t\t\t<div class=\"elementor-element elementor-element-25a5656 elementor-widget elementor-widget-image\" data-id=\"25a5656\" data-element_type=\"widget\" data-widget_type=\"image.default\">\n\t\t\t\t<div class=\"elementor-widget-container\">\n\t\t\t\t\t\t\t\t\t\t\t\t\t\t\t<img decoding=\"async\" width=\"150\" height=\"135\" src=\"https:\/\/padraodespachante.com.br\/wp-content\/uploads\/2023\/04\/credenciamento.png\" class=\"attachment-thumbnail size-thumbnail wp-image-25256\" alt=\"\" \/>\t\t\t\t\t\t\t\t\t\t\t\t\t\t\t<\/div>\n\t\t\t\t<\/div>\n\t\t\t\t\t<\/div>\n\t\t<\/div>\n\t\t\t\t\t<\/div>\n\t\t<\/section>\n\t\t\t\t<\/div>\n\t\t","protected":false},"excerpt":{"rendered":"<p>A 25 anos cuidando de nossos clientes Fique tranquilo , nos faremos tudo pra voc\u00ea ! Nossos Servi\u00e7os Economize seu tempo Evite filas e transtornos. Aqui a sua comodidade \u00e9 pe\u00e7a fundamental. Deixe a burocracia conosco Aqui contamo com os melhores especialistas para melhor lhe atender com a maior brevidade. Aqui sua satisfa\u00e7\u00e3o \u00e9 garantida &hellip;<\/p>\n<p class=\"read-more\"> <a class=\"\" href=\"https:\/\/padraodespachante.com.br\/\"> <span class=\"screen-reader-text\">Home<\/span> Leia mais &raquo;<\/a><\/p>\n","protected":false},"author":1,"featured_media":0,"parent":0,"menu_order":0,"comment_status":"closed","ping_status":"closed","template":"","meta":{"site-sidebar-layout":"no-sidebar","site-content-layout":"page-builder","ast-global-header-display":"","ast-main-header-display":"","ast-hfb-above-header-display":"","ast-hfb-below-header-display":"","ast-hfb-mobile-header-display":"","site-post-title":"disabled","ast-breadcrumbs-content":"","ast-featured-img":"disabled","footer-sml-layout":"","theme-transparent-header-meta":"enabled","adv-header-id-meta":"","stick-header-meta":"","header-above-stick-meta":"","header-main-stick-meta":"","header-below-stick-meta":"","footnotes":""},"class_list":["post-17","page","type-page","status-publish","hentry"],"yoast_head":"<!-- This site is optimized with the Yoast SEO plugin v24.6 - https:\/\/yoast.com\/wordpress\/plugins\/seo\/ -->\n<title>Home - Padr\u00e3o Despachante<\/title>\n<meta name=\"robots\" content=\"index, follow, max-snippet:-1, max-image-preview:large, max-video-preview:-1\" \/>\n<link rel=\"canonical\" href=\"https:\/\/padraodespachante.com.br\/\" \/>\n<meta property=\"og:locale\" content=\"pt_BR\" \/>\n<meta property=\"og:type\" content=\"article\" \/>\n<meta property=\"og:title\" content=\"Home - Padr\u00e3o Despachante\" \/>\n<meta property=\"og:description\" content=\"A 25 anos cuidando de nossos clientes Fique tranquilo , nos faremos tudo pra voc\u00ea ! Nossos Servi\u00e7os Economize seu tempo Evite filas e transtornos. Aqui a sua comodidade \u00e9 pe\u00e7a fundamental. Deixe a burocracia conosco Aqui contamo com os melhores especialistas para melhor lhe atender com a maior brevidade. Aqui sua satisfa\u00e7\u00e3o \u00e9 garantida &hellip; Home Leia mais &raquo;\" \/>\n<meta property=\"og:url\" content=\"https:\/\/padraodespachante.com.br\/\" \/>\n<meta property=\"og:site_name\" content=\"Padr\u00e3o Despachante\" \/>\n<meta property=\"article:modified_time\" content=\"2023-05-04T11:54:18+00:00\" \/>\n<meta property=\"og:image\" content=\"http:\/\/padraodespachante.com.br\/wp-content\/uploads\/2023\/04\/american-express-cards-credit-89024-1024x642.jpg\" \/>\n<meta name=\"twitter:card\" content=\"summary_large_image\" \/>\n<meta name=\"twitter:label1\" content=\"Est. tempo de leitura\" \/>\n\t<meta name=\"twitter:data1\" content=\"5 minutos\" \/>\n<script type=\"application\/ld+json\" class=\"yoast-schema-graph\">{\"@context\":\"https:\/\/schema.org\",\"@graph\":[{\"@type\":\"WebPage\",\"@id\":\"https:\/\/padraodespachante.com.br\/\",\"url\":\"https:\/\/padraodespachante.com.br\/\",\"name\":\"Home - Padr\u00e3o Despachante\",\"isPartOf\":{\"@id\":\"https:\/\/padraodespachante.com.br\/#website\"},\"primaryImageOfPage\":{\"@id\":\"https:\/\/padraodespachante.com.br\/#primaryimage\"},\"image\":{\"@id\":\"https:\/\/padraodespachante.com.br\/#primaryimage\"},\"thumbnailUrl\":\"http:\/\/padraodespachante.com.br\/wp-content\/uploads\/2023\/04\/american-express-cards-credit-89024-1024x642.jpg\",\"datePublished\":\"2018-11-19T19:50:38+00:00\",\"dateModified\":\"2023-05-04T11:54:18+00:00\",\"breadcrumb\":{\"@id\":\"https:\/\/padraodespachante.com.br\/#breadcrumb\"},\"inLanguage\":\"pt-BR\",\"potentialAction\":[{\"@type\":\"ReadAction\",\"target\":[\"https:\/\/padraodespachante.com.br\/\"]}]},{\"@type\":\"ImageObject\",\"inLanguage\":\"pt-BR\",\"@id\":\"https:\/\/padraodespachante.com.br\/#primaryimage\",\"url\":\"https:\/\/padraodespachante.com.br\/wp-content\/uploads\/2023\/04\/american-express-cards-credit-89024.jpg\",\"contentUrl\":\"https:\/\/padraodespachante.com.br\/wp-content\/uploads\/2023\/04\/american-express-cards-credit-89024.jpg\",\"width\":1280,\"height\":803,\"caption\":\"american express, cards, credit-89024.jpg\"},{\"@type\":\"BreadcrumbList\",\"@id\":\"https:\/\/padraodespachante.com.br\/#breadcrumb\",\"itemListElement\":[{\"@type\":\"ListItem\",\"position\":1,\"name\":\"In\u00edcio\",\"item\":\"https:\/\/padraodespachante.com.br\/\"},{\"@type\":\"ListItem\",\"position\":2,\"name\":\"Home\"}]},{\"@type\":\"WebSite\",\"@id\":\"https:\/\/padraodespachante.com.br\/#website\",\"url\":\"https:\/\/padraodespachante.com.br\/\",\"name\":\"Padr\u00e3o Despachante\",\"description\":\"Servi\u00e7os de despachante junto ao detran de Tocantins\",\"publisher\":{\"@id\":\"https:\/\/padraodespachante.com.br\/#organization\"},\"potentialAction\":[{\"@type\":\"SearchAction\",\"target\":{\"@type\":\"EntryPoint\",\"urlTemplate\":\"https:\/\/padraodespachante.com.br\/?s={search_term_string}\"},\"query-input\":{\"@type\":\"PropertyValueSpecification\",\"valueRequired\":true,\"valueName\":\"search_term_string\"}}],\"inLanguage\":\"pt-BR\"},{\"@type\":\"Organization\",\"@id\":\"https:\/\/padraodespachante.com.br\/#organization\",\"name\":\"Padr\u00e3o Despachante\",\"url\":\"https:\/\/padraodespachante.com.br\/\",\"logo\":{\"@type\":\"ImageObject\",\"inLanguage\":\"pt-BR\",\"@id\":\"https:\/\/padraodespachante.com.br\/#\/schema\/logo\/image\/\",\"url\":\"https:\/\/padraodespachante.com.br\/wp-content\/uploads\/2023\/04\/logo4.png\",\"contentUrl\":\"https:\/\/padraodespachante.com.br\/wp-content\/uploads\/2023\/04\/logo4.png\",\"width\":1228,\"height\":513,\"caption\":\"Padr\u00e3o Despachante\"},\"image\":{\"@id\":\"https:\/\/padraodespachante.com.br\/#\/schema\/logo\/image\/\"}}]}<\/script>\n<!-- \/ Yoast SEO plugin. -->","yoast_head_json":{"title":"Home - Padr\u00e3o Despachante","robots":{"index":"index","follow":"follow","max-snippet":"max-snippet:-1","max-image-preview":"max-image-preview:large","max-video-preview":"max-video-preview:-1"},"canonical":"https:\/\/padraodespachante.com.br\/","og_locale":"pt_BR","og_type":"article","og_title":"Home - Padr\u00e3o Despachante","og_description":"A 25 anos cuidando de nossos clientes Fique tranquilo , nos faremos tudo pra voc\u00ea ! Nossos Servi\u00e7os Economize seu tempo Evite filas e transtornos. Aqui a sua comodidade \u00e9 pe\u00e7a fundamental. Deixe a burocracia conosco Aqui contamo com os melhores especialistas para melhor lhe atender com a maior brevidade. Aqui sua satisfa\u00e7\u00e3o \u00e9 garantida &hellip; Home Leia mais &raquo;","og_url":"https:\/\/padraodespachante.com.br\/","og_site_name":"Padr\u00e3o Despachante","article_modified_time":"2023-05-04T11:54:18+00:00","og_image":[{"url":"http:\/\/padraodespachante.com.br\/wp-content\/uploads\/2023\/04\/american-express-cards-credit-89024-1024x642.jpg","type":"","width":"","height":""}],"twitter_card":"summary_large_image","twitter_misc":{"Est. tempo de leitura":"5 minutos"},"schema":{"@context":"https:\/\/schema.org","@graph":[{"@type":"WebPage","@id":"https:\/\/padraodespachante.com.br\/","url":"https:\/\/padraodespachante.com.br\/","name":"Home - Padr\u00e3o Despachante","isPartOf":{"@id":"https:\/\/padraodespachante.com.br\/#website"},"primaryImageOfPage":{"@id":"https:\/\/padraodespachante.com.br\/#primaryimage"},"image":{"@id":"https:\/\/padraodespachante.com.br\/#primaryimage"},"thumbnailUrl":"http:\/\/padraodespachante.com.br\/wp-content\/uploads\/2023\/04\/american-express-cards-credit-89024-1024x642.jpg","datePublished":"2018-11-19T19:50:38+00:00","dateModified":"2023-05-04T11:54:18+00:00","breadcrumb":{"@id":"https:\/\/padraodespachante.com.br\/#breadcrumb"},"inLanguage":"pt-BR","potentialAction":[{"@type":"ReadAction","target":["https:\/\/padraodespachante.com.br\/"]}]},{"@type":"ImageObject","inLanguage":"pt-BR","@id":"https:\/\/padraodespachante.com.br\/#primaryimage","url":"https:\/\/padraodespachante.com.br\/wp-content\/uploads\/2023\/04\/american-express-cards-credit-89024.jpg","contentUrl":"https:\/\/padraodespachante.com.br\/wp-content\/uploads\/2023\/04\/american-express-cards-credit-89024.jpg","width":1280,"height":803,"caption":"american express, cards, credit-89024.jpg"},{"@type":"BreadcrumbList","@id":"https:\/\/padraodespachante.com.br\/#breadcrumb","itemListElement":[{"@type":"ListItem","position":1,"name":"In\u00edcio","item":"https:\/\/padraodespachante.com.br\/"},{"@type":"ListItem","position":2,"name":"Home"}]},{"@type":"WebSite","@id":"https:\/\/padraodespachante.com.br\/#website","url":"https:\/\/padraodespachante.com.br\/","name":"Padr\u00e3o Despachante","description":"Servi\u00e7os de despachante junto ao detran de Tocantins","publisher":{"@id":"https:\/\/padraodespachante.com.br\/#organization"},"potentialAction":[{"@type":"SearchAction","target":{"@type":"EntryPoint","urlTemplate":"https:\/\/padraodespachante.com.br\/?s={search_term_string}"},"query-input":{"@type":"PropertyValueSpecification","valueRequired":true,"valueName":"search_term_string"}}],"inLanguage":"pt-BR"},{"@type":"Organization","@id":"https:\/\/padraodespachante.com.br\/#organization","name":"Padr\u00e3o Despachante","url":"https:\/\/padraodespachante.com.br\/","logo":{"@type":"ImageObject","inLanguage":"pt-BR","@id":"https:\/\/padraodespachante.com.br\/#\/schema\/logo\/image\/","url":"https:\/\/padraodespachante.com.br\/wp-content\/uploads\/2023\/04\/logo4.png","contentUrl":"https:\/\/padraodespachante.com.br\/wp-content\/uploads\/2023\/04\/logo4.png","width":1228,"height":513,"caption":"Padr\u00e3o Despachante"},"image":{"@id":"https:\/\/padraodespachante.com.br\/#\/schema\/logo\/image\/"}}]}},"_links":{"self":[{"href":"https:\/\/padraodespachante.com.br\/index.php\/wp-json\/wp\/v2\/pages\/17","targetHints":{"allow":["GET"]}}],"collection":[{"href":"https:\/\/padraodespachante.com.br\/index.php\/wp-json\/wp\/v2\/pages"}],"about":[{"href":"https:\/\/padraodespachante.com.br\/index.php\/wp-json\/wp\/v2\/types\/page"}],"author":[{"embeddable":true,"href":"https:\/\/padraodespachante.com.br\/index.php\/wp-json\/wp\/v2\/users\/1"}],"replies":[{"embeddable":true,"href":"https:\/\/padraodespachante.com.br\/index.php\/wp-json\/wp\/v2\/comments?post=17"}],"version-history":[{"count":46,"href":"https:\/\/padraodespachante.com.br\/index.php\/wp-json\/wp\/v2\/pages\/17\/revisions"}],"predecessor-version":[{"id":25358,"href":"https:\/\/padraodespachante.com.br\/index.php\/wp-json\/wp\/v2\/pages\/17\/revisions\/25358"}],"wp:attachment":[{"href":"https:\/\/padraodespachante.com.br\/index.php\/wp-json\/wp\/v2\/media?parent=17"}],"curies":[{"name":"wp","href":"https:\/\/api.w.org\/{rel}","templated":true}]}}